{"id":148,"date":"2023-03-05T23:14:21","date_gmt":"2023-03-06T02:14:21","guid":{"rendered":"https:\/\/dreamscoconutcookie.com\/?page_id=148"},"modified":"2023-05-05T18:51:46","modified_gmt":"2023-05-05T21:51:46","slug":"company","status":"publish","type":"page","link":"https:\/\/dreamscoconutcookie.com\/es\/company\/","title":{"rendered":"Empresa"},"content":{"rendered":"<div class=\"gb-grid-wrapper gb-grid-wrapper-d7c9b4f3\">\n<div class=\"gb-grid-column gb-grid-column-a9293e2f\"><div class=\"gb-container gb-container-a9293e2f\">\n\n<h2 class=\"gb-headline gb-headline-590db1a3 gb-headline-text translation-block\"><strong>So\u00f1ado en Brasil.<\/strong><br>\n<strong>Compartido con el mundo.<\/strong><\/h2>\n\n\n\n<p>Todo comenz\u00f3 con un sue\u00f1o. Era la primavera de 2005 cuando el fundador de la empresa so\u00f1\u00f3 con preparar una receta diferente. Mezcl\u00f3 ingredientes y molde\u00f3 un dulce que ser\u00eda horneado. Al despertar en medio de la noche, sinti\u00f3 que ese sue\u00f1o cambiar\u00eda su vida. Inmediatamente, comenz\u00f3 a hacer la receta que hab\u00eda aprendido de una manera tan especial. Justo all\u00ed, en la cocina de su hogar, con la ayuda de su familia, naci\u00f3 Dreams Coconut Cookie.<\/p>\n\n\n\n<p>Today, the recipe is no longer prepared at home and the coconut cookie is no longer sold door-to-door: it is present in stores, bars, and supermarkets throughout the national territory and is exported to countries such as Argentina, the United States, and China. But the company makes a point of maintaining the artisanal process, the high-quality ingredients, and the care that give Dreams Coconut Cookie a delicious and unparalleled taste.<\/p>\n\n<\/div><\/div>\n\n<div class=\"gb-grid-column gb-grid-column-5fa6bc49\"><div class=\"gb-container gb-container-5fa6bc49\"><\/div><\/div>\n<\/div>","protected":false},"excerpt":{"rendered":"<p>Vivamus sagittis lacus vel augue laoreet rutrum faucibus dolor auctor. Maecenas sed diam eget risus varius blandit sit amet non magna.<\/p>","protected":false},"author":1,"featured_media":0,"parent":0,"menu_order":0,"comment_status":"closed","ping_status":"closed","template":"","meta":{"footnotes":""},"class_list":["post-148","page","type-page","status-publish","hentry"],"blocksy_meta":[],"_links":{"self":[{"href":"https:\/\/dreamscoconutcookie.com\/es\/wp-json\/wp\/v2\/pages\/148","targetHints":{"allow":["GET"]}}],"collection":[{"href":"https:\/\/dreamscoconutcookie.com\/es\/wp-json\/wp\/v2\/pages"}],"about":[{"href":"https:\/\/dreamscoconutcookie.com\/es\/wp-json\/wp\/v2\/types\/page"}],"author":[{"embeddable":true,"href":"https:\/\/dreamscoconutcookie.com\/es\/wp-json\/wp\/v2\/users\/1"}],"replies":[{"embeddable":true,"href":"https:\/\/dreamscoconutcookie.com\/es\/wp-json\/wp\/v2\/comments?post=148"}],"version-history":[{"count":3,"href":"https:\/\/dreamscoconutcookie.com\/es\/wp-json\/wp\/v2\/pages\/148\/revisions"}],"predecessor-version":[{"id":605,"href":"https:\/\/dreamscoconutcookie.com\/es\/wp-json\/wp\/v2\/pages\/148\/revisions\/605"}],"wp:attachment":[{"href":"https:\/\/dreamscoconutcookie.com\/es\/wp-json\/wp\/v2\/media?parent=148"}],"curies":[{"name":"wp","href":"https:\/\/api.w.org\/{rel}","templated":true}]}}