{"id":2,"date":"2023-02-14T14:46:25","date_gmt":"2023-02-14T17:46:25","guid":{"rendered":"https:\/\/dreamscoconutcookie.com\/?page_id=2"},"modified":"2023-11-14T17:32:31","modified_gmt":"2023-11-14T20:32:31","slug":"home","status":"publish","type":"page","link":"https:\/\/dreamscoconutcookie.com\/es\/","title":{"rendered":"Home"},"content":{"rendered":"<div class=\"gb-container gb-container-e6822322 alignfull\">\n<div class=\"gb-container gb-container-67662b88\">\n<div class=\"gb-grid-wrapper gb-grid-wrapper-f9491229\">\n<div class=\"gb-grid-column gb-grid-column-ca4f6320\"><div class=\"gb-container gb-container-ca4f6320\">\n\n<p class=\"gb-headline gb-headline-bf74c6f8 gb-headline-text\">4 deliciosos sabores<\/p>\n\n\n\n<h2 class=\"gb-headline gb-headline-5bfcfad9 gb-headline-text\">Pura dulzura de Brasil<\/h2>\n\n\n\n<p class=\"gb-headline gb-headline-9119f115 gb-headline-text\">Tostada, crujiente por fuera y suave por dentro, la Galleta de Coco Dreams es uno de los dulces m\u00e1s deliciosos de la cocina brasile\u00f1a.<\/p>\n\n\n<div class=\"gb-container gb-container-71531d9e\">\n\n<span class=\"gb-button gb-button-13daabd8\"><span class=\"gb-icon\"><svg aria-hidden=\"true\" role=\"img\" height=\"1em\" width=\"1em\" viewbox=\"0 0 512 512\" xmlns=\"http:\/\/www.w3.org\/2000\/svg\"><path fill=\"currentColor\" d=\"M462.3 62.6C407.5 15.9 326 24.3 275.7 76.2L256 96.5l-19.7-20.3C186.1 24.3 104.5 15.9 49.7 62.6c-62.8 53.6-66.1 149.8-9.9 207.9l193.5 199.8c12.5 12.9 32.8 12.9 45.3 0l193.5-199.8c56.3-58.1 53-154.3-9.8-207.9z\"><\/path><\/svg><\/span><span class=\"gb-button-text\">Descubre los sabores<\/span><\/span>\n\n\n\n<a class=\"gb-button gb-button-b7d69bde\" href=\"https:\/\/dreamscoconutcookie.com\/es\/e-commerce\/\"><span class=\"gb-icon\"><svg aria-hidden=\"true\" role=\"img\" height=\"1em\" width=\"1em\" viewbox=\"0 0 384 512\" xmlns=\"http:\/\/www.w3.org\/2000\/svg\"><path fill=\"currentColor\" d=\"M172.268 501.67C26.97 291.031 0 269.413 0 192 0 85.961 85.961 0 192 0s192 85.961 192 192c0 77.413-26.97 99.031-172.268 309.67-9.535 13.774-29.93 13.773-39.464 0zM192 272c44.183 0 80-35.817 80-80s-35.817-80-80-80-80 35.817-80 80 35.817 80 80 80z\"><\/path><\/svg><\/span><span class=\"gb-button-text\">Donde comprar<\/span><\/a>\n\n<\/div>\n<\/div><\/div>\n\n<div class=\"gb-grid-column gb-grid-column-cd83c50d\"><div class=\"gb-container gb-container-cd83c50d\">\n\n<figure class=\"gb-block-image gb-block-image-74b98967\"><img loading=\"lazy\" decoding=\"async\" width=\"1000\" height=\"1320\" class=\"gb-image gb-image-74b98967\" src=\"https:\/\/dreamscoconutcookie.com\/wp-content\/uploads\/hero_image.webp\" alt=\"\" title=\"hero_image\" srcset=\"https:\/\/dreamscoconutcookie.com\/wp-content\/uploads\/hero_image.webp 1000w, https:\/\/dreamscoconutcookie.com\/wp-content\/uploads\/hero_image-768x1014.webp 768w, https:\/\/dreamscoconutcookie.com\/wp-content\/uploads\/hero_image-9x12.webp 9w\" sizes=\"auto, (max-width: 1000px) 100vw, 1000px\" \/><\/figure>\n\n<\/div><\/div>\n<\/div>\n<\/div>\n<\/div>\n\n<div class=\"gb-container gb-container-1d3d428a\">\n\n<h2 class=\"gb-headline gb-headline-2304645d gb-headline-text\">Hecho a mano<\/h2>\n\n\n\n<p class=\"gb-headline gb-headline-e5d70f71 gb-headline-text translation-block\">Los 4 sabores de la Galleta de Coco Dreams son elaborados con gran cuidado y calidad.<br>Hechos con ingredientes de primera calidad, son horneados a la perfecci\u00f3n para deleitar tus papilas gustativas.<\/p>\n\n\n<div class=\"gb-grid-wrapper gb-grid-wrapper-bc4e98ab\">\n<div class=\"gb-grid-column gb-grid-column-bf3187b9\"><div class=\"gb-container gb-container-bf3187b9\">\n\n<h3 class=\"gb-headline gb-headline-fd566dc3 gb-headline-text\"><a href=\"https:\/\/dreamscoconutcookie.com\/es\/coconut-cookie\/\">Galleta tradicional de coco<\/a><\/h3>\n\n\n\n<p class=\"gb-headline gb-headline-6a195dc7 gb-headline-text\">Nuestra receta cl\u00e1sica<\/p>\n\n<\/div><\/div>\n\n<div class=\"gb-grid-column gb-grid-column-18f00a15\"><div class=\"gb-container gb-container-18f00a15\">\n\n<h3 class=\"gb-headline gb-headline-570e5758 gb-headline-text\"><a href=\"https:\/\/dreamscoconutcookie.com\/es\/coconut-cookie-with-chocolate\/\" data-type=\"page\" data-id=\"201\">Galleta de coco con gotas de chocolate<\/a><\/h3>\n\n\n\n<p class=\"gb-headline gb-headline-c2367797 gb-headline-text\">Si ya est\u00e1 delicioso imag\u00ednate con chocolate<\/p>\n\n<\/div><\/div>\n\n<div class=\"gb-grid-column gb-grid-column-1ae53c8c\"><div class=\"gb-container gb-container-1ae53c8c\">\n\n<h3 class=\"gb-headline gb-headline-601c95ea gb-headline-text\"><a href=\"https:\/\/dreamscoconutcookie.com\/es\/coconut-cookie-with-peanuts\/\" data-type=\"page\" data-id=\"203\">Galleta de coco con man\u00ed \/ cacahuete<\/a><\/h3>\n\n\n\n<p class=\"gb-headline gb-headline-a432eea3 gb-headline-text\">Suavidad y crocantez en un mismo bocado<\/p>\n\n<\/div><\/div>\n\n<div class=\"gb-grid-column gb-grid-column-2f38cc87\"><div class=\"gb-container gb-container-2f38cc87\">\n\n<h3 class=\"gb-headline gb-headline-7af2bb3d gb-headline-text\"><a href=\"https:\/\/dreamscoconutcookie.com\/es\/coconut-cookie-with-reduced-sugar\/\" data-type=\"page\" data-id=\"205\">Galleta de coco sin az\u00facar y sin gluten<\/a><\/h3>\n\n\n\n<p class=\"gb-headline gb-headline-55811521 gb-headline-text\">Tan sabroso como saludable<\/p>\n\n<\/div><\/div>\n<\/div>\n<\/div>\n\n<div class=\"gb-container gb-container-d893d33c alignfull\">\n<div class=\"gb-grid-wrapper gb-grid-wrapper-60fff480\">\n<div class=\"gb-grid-column gb-grid-column-e75221de\"><div class=\"gb-container gb-container-e75221de\"><\/div><\/div>\n\n<div class=\"gb-grid-column gb-grid-column-dc763573\"><div class=\"gb-container gb-container-dc763573\">\n\n<h2 class=\"gb-headline gb-headline-a6e121ed gb-headline-text\">Hecho con el mejor coco del mundo<\/h2>\n\n\n\n<p>Nuestro principal ingrediente proviene de Asia, de pa\u00edses como Taiw\u00e1n, Tailandia e Indonesia. Es rica en minerales como calcio, magnesio, zinc, hierro, selenio, f\u00f3sforo y potasio. Es una fuente de vitaminas A, B, C, E y fibra. Adem\u00e1s de ser nutritivo, es naturalmente sabroso.<\/p>\n\n<\/div><\/div>\n<\/div>\n<\/div>\n\n<div class=\"gb-container gb-container-c9b4bee4\">\n\n<h2 class=\"gb-headline gb-headline-86171cb9 gb-headline-text\">El irresistible sabor de Brasil<\/h2>\n\n\n\n<p class=\"gb-headline gb-headline-196792eb gb-headline-text translation-block\">La Galleta de Coco Dreams est\u00e1 conquistando el mundo.<br>Hoy en d\u00eda, esta delicia brasile\u00f1a hace que las bocas se derritan en diferentes partes del mundo.<\/p>\n\n\n\n<figure class=\"gb-block-image gb-block-image-0573fc7b\"><img loading=\"lazy\" decoding=\"async\" width=\"1000\" height=\"526\" class=\"gb-image gb-image-0573fc7b\" src=\"https:\/\/dreamscoconutcookie.com\/wp-content\/uploads\/dot_map_v2webp.webp\" alt=\"\" title=\"dot_map_v2webp\" srcset=\"https:\/\/dreamscoconutcookie.com\/wp-content\/uploads\/dot_map_v2webp.webp 1000w, https:\/\/dreamscoconutcookie.com\/wp-content\/uploads\/dot_map_v2webp-768x404.webp 768w, https:\/\/dreamscoconutcookie.com\/wp-content\/uploads\/dot_map_v2webp-18x9.webp 18w\" sizes=\"auto, (max-width: 1000px) 100vw, 1000px\" \/><\/figure>\n\n<\/div>","protected":false},"excerpt":{"rendered":"<p>Handcrafted The 4 flavors of Dreams Coconut Cookie are crafted with great care and quality.Made with premium ingredients, they are baked to perfection to delight your taste buds. The irresistible flavor of Brazil Dreams Coconut Cookie is conquering the world.Today, this Brazilian delicacy makes mouths water in numerous countries in every continent.<\/p>","protected":false},"author":1,"featured_media":0,"parent":0,"menu_order":0,"comment_status":"closed","ping_status":"closed","template":"","meta":{"footnotes":""},"class_list":["post-2","page","type-page","status-publish","hentry"],"blocksy_meta":{"has_hero_section":"disabled","vertical_spacing_source":"custom","content_area_spacing":"none","content_style_source":"inherit"},"_links":{"self":[{"href":"https:\/\/dreamscoconutcookie.com\/es\/wp-json\/wp\/v2\/pages\/2","targetHints":{"allow":["GET"]}}],"collection":[{"href":"https:\/\/dreamscoconutcookie.com\/es\/wp-json\/wp\/v2\/pages"}],"about":[{"href":"https:\/\/dreamscoconutcookie.com\/es\/wp-json\/wp\/v2\/types\/page"}],"author":[{"embeddable":true,"href":"https:\/\/dreamscoconutcookie.com\/es\/wp-json\/wp\/v2\/users\/1"}],"replies":[{"embeddable":true,"href":"https:\/\/dreamscoconutcookie.com\/es\/wp-json\/wp\/v2\/comments?post=2"}],"version-history":[{"count":3,"href":"https:\/\/dreamscoconutcookie.com\/es\/wp-json\/wp\/v2\/pages\/2\/revisions"}],"predecessor-version":[{"id":653,"href":"https:\/\/dreamscoconutcookie.com\/es\/wp-json\/wp\/v2\/pages\/2\/revisions\/653"}],"wp:attachment":[{"href":"https:\/\/dreamscoconutcookie.com\/es\/wp-json\/wp\/v2\/media?parent=2"}],"curies":[{"name":"wp","href":"https:\/\/api.w.org\/{rel}","templated":true}]}}