{"id":205,"date":"2023-03-08T13:19:18","date_gmt":"2023-03-08T16:19:18","guid":{"rendered":"https:\/\/dreamscoconutcookie.com\/?page_id=205"},"modified":"2023-05-10T19:09:34","modified_gmt":"2023-05-10T22:09:34","slug":"coconut-cookie-with-reduced-sugar","status":"publish","type":"page","link":"https:\/\/dreamscoconutcookie.com\/es\/coconut-cookie-with-reduced-sugar\/","title":{"rendered":"Galleta De Coco Con Az\u00facar Reducida"},"content":{"rendered":"<div class=\"gb-grid-wrapper gb-grid-wrapper-9688bece\">\n<div class=\"gb-grid-column gb-grid-column-4e70205a\"><div class=\"gb-container gb-container-4e70205a\"><\/div><\/div>\n\n<div class=\"gb-grid-column gb-grid-column-11486d62\"><div class=\"gb-container gb-container-11486d62\">\n\n<p class=\"gb-headline gb-headline-62a30373 gb-headline-text\">\u00a1Tan delicioso como saludable!<\/p>\n\n\n\n<h2 class=\"gb-headline gb-headline-98590b16 gb-headline-text\">Galleta de coco con az\u00facar reducida<\/h2>\n\n\n\n<p>Nosotros en Dreams Coconut Cookie siempre nos esforzamos por ofrecer las mejores opciones para que nuestros clientes disfruten. Por lo tanto, hemos preparado una versi\u00f3n deliciosa y ligera para aquellos que no pueden o no quieren consumir demasiado az\u00facar.<\/p>\n\n\n\n<p>La Galleta de Coco Dreams con una reducci\u00f3n del 85% de az\u00facar es un bocado saludable y delicioso. Es incre\u00edblemente cremosa, crujiente y tostada, y aquellos que la prueban dif\u00edcilmente pueden creer que sea un alimento fitness. Pero tenga la seguridad de que no solo es amigable con el fitness sino tambi\u00e9n muy nutritiva.<\/p>\n\n<\/div><\/div>\n<\/div>\n\n<div class=\"gb-container gb-container-a80f6470\"><\/div>\n\n<div class=\"gb-grid-wrapper gb-grid-wrapper-22408ed6\">\n<div class=\"gb-grid-column gb-grid-column-086371c4\"><div class=\"gb-container gb-container-086371c4\"><\/div><\/div>\n\n<div class=\"gb-grid-column gb-grid-column-30dba983\"><div class=\"gb-container gb-container-30dba983\">\n\n<h2 class=\"gb-headline gb-headline-44e8b9d8 gb-headline-text translation-block\">Paquetes<br>individuales<\/h2>\n\n\n\n<p class=\"has-text-align-right\">Si vas a practicar deportes o quieres reponer tu energ\u00eda, siempre ten a mano esta maravilla de la cocina brasile\u00f1a.<\/p>\n\n<\/div><\/div>\n\n<div class=\"gb-grid-column gb-grid-column-fc3b66b8\"><div class=\"gb-container gb-container-fc3b66b8\">\n\n<figure class=\"gb-block-image gb-block-image-4d304a11\"><img loading=\"lazy\" decoding=\"async\" width=\"988\" height=\"782\" class=\"gb-image gb-image-4d304a11\" src=\"https:\/\/dreamscoconutcookie.com\/wp-content\/uploads\/flowpack_rs_bx.webp\" alt=\"\" title=\"flowpack_rs_bx\" srcset=\"https:\/\/dreamscoconutcookie.com\/wp-content\/uploads\/flowpack_rs_bx.webp 988w, https:\/\/dreamscoconutcookie.com\/wp-content\/uploads\/flowpack_rs_bx-768x608.webp 768w, https:\/\/dreamscoconutcookie.com\/wp-content\/uploads\/flowpack_rs_bx-15x12.webp 15w\" sizes=\"auto, (max-width: 988px) 100vw, 988px\" \/><\/figure>\n\n<\/div><\/div>\n<\/div>\n\n<div class=\"gb-container gb-container-77bb8a76\"><\/div>\n\n\n<h2 class=\"gb-headline gb-headline-04b1500b gb-headline-text\"><strong>Medidas de Embalaje<\/strong><\/h2>\n\n\n<div class=\"gb-grid-wrapper gb-grid-wrapper-f050ecf0\">\n<div class=\"gb-grid-column gb-grid-column-563a8a6d\"><div class=\"gb-container gb-container-563a8a6d\">\n\n<figure class=\"gb-block-image gb-block-image-0cb38198\"><img loading=\"lazy\" decoding=\"async\" width=\"875\" height=\"876\" class=\"gb-image gb-image-0cb38198\" src=\"https:\/\/dreamscoconutcookie.com\/wp-content\/uploads\/SM_RS_bx.webp\" alt=\"\" title=\"SM_RS_bx\" srcset=\"https:\/\/dreamscoconutcookie.com\/wp-content\/uploads\/SM_RS_bx.webp 875w, https:\/\/dreamscoconutcookie.com\/wp-content\/uploads\/SM_RS_bx-150x150.webp 150w, https:\/\/dreamscoconutcookie.com\/wp-content\/uploads\/SM_RS_bx-768x769.webp 768w, https:\/\/dreamscoconutcookie.com\/wp-content\/uploads\/SM_RS_bx-12x12.webp 12w\" sizes=\"auto, (max-width: 875px) 100vw, 875px\" \/><\/figure>\n\n\n\n<div class=\"gb-headline gb-headline-69117e5e gb-headline-text\">Paquete de 4 x 1.48 oz<\/div>\n\n<\/div><\/div>\n\n<div class=\"gb-grid-column gb-grid-column-2d6d8b7e\"><div class=\"gb-container gb-container-2d6d8b7e\">\n<div class=\"gb-container gb-container-fbd515de box-shadow\">\n\n<h5 class=\"gb-headline gb-headline-88e138e7 gb-headline-text\">Caja de Cart\u00f3n<\/h5>\n\n\n<div class=\"gb-grid-wrapper gb-grid-wrapper-a8f72257\">\n<div class=\"gb-grid-column gb-grid-column-d2640c79\"><div class=\"gb-container gb-container-d2640c79\">\n\n<p class=\"gb-headline gb-headline-bcd20d26 gb-headline-text\"><strong>Cantidad<\/strong><\/p>\n\n<\/div><\/div>\n\n<div class=\"gb-grid-column gb-grid-column-3dee9c2f\"><div class=\"gb-container gb-container-3dee9c2f\">\n\n<p class=\"gb-headline gb-headline-7338e7f6 gb-headline-text\">48 SM \u2013 192 Galletas<\/p>\n\n<\/div><\/div>\n\n<div class=\"gb-grid-column gb-grid-column-72fac76b\"><div class=\"gb-container gb-container-72fac76b\">\n\n<p class=\"gb-headline gb-headline-68ec63df gb-headline-text\"><strong>Tama\u00f1o cm (LxAnxAl)<\/strong><\/p>\n\n<\/div><\/div>\n\n<div class=\"gb-grid-column gb-grid-column-ed04c8e1\"><div class=\"gb-container gb-container-ed04c8e1\">\n\n<p class=\"gb-headline gb-headline-90a53241 gb-headline-text\">46cm x 33 cm x 34 cm<\/p>\n\n<\/div><\/div>\n\n<div class=\"gb-grid-column gb-grid-column-2ee9e5a4\"><div class=\"gb-container gb-container-2ee9e5a4\">\n\n<p class=\"gb-headline gb-headline-cc1dda93 gb-headline-text\"><strong>Peso bruto (kg)<\/strong><\/p>\n\n<\/div><\/div>\n\n<div class=\"gb-grid-column gb-grid-column-6bf249b7\"><div class=\"gb-container gb-container-6bf249b7\">\n\n<p class=\"gb-headline gb-headline-54d11fd8 gb-headline-text\">10,6 kg<\/p>\n\n<\/div><\/div>\n<\/div>\n<\/div>\n\n<div class=\"gb-container gb-container-f49e0c4d box-shadow\">\n\n<h5 class=\"gb-headline gb-headline-6faff79c gb-headline-text\">Paleta<\/h5>\n\n\n<div class=\"gb-grid-wrapper gb-grid-wrapper-03643962\">\n<div class=\"gb-grid-column gb-grid-column-510be7c2\"><div class=\"gb-container gb-container-510be7c2\">\n\n<p class=\"gb-headline gb-headline-25b491b6 gb-headline-text\"><strong>Cantidad<\/strong><\/p>\n\n<\/div><\/div>\n\n<div class=\"gb-grid-column gb-grid-column-70f0f9b0\"><div class=\"gb-container gb-container-70f0f9b0\">\n\n<p class=\"gb-headline gb-headline-0bf4b37c gb-headline-text\">35 Cajas de Cart\u00f3n - 6720 Galletas<\/p>\n\n<\/div><\/div>\n\n<div class=\"gb-grid-column gb-grid-column-ddbf73fb\"><div class=\"gb-container gb-container-ddbf73fb\">\n\n<p class=\"gb-headline gb-headline-2376545f gb-headline-text\"><strong>Tama\u00f1o cm (LxAnxAl)<\/strong><\/p>\n\n<\/div><\/div>\n\n<div class=\"gb-grid-column gb-grid-column-ff7693e6\"><div class=\"gb-container gb-container-ff7693e6\">\n\n<p class=\"gb-headline gb-headline-25db6266 gb-headline-text\">1,00 x 1,20 x 1,85<\/p>\n\n<\/div><\/div>\n\n<div class=\"gb-grid-column gb-grid-column-cf21a0cd\"><div class=\"gb-container gb-container-cf21a0cd\">\n\n<p class=\"gb-headline gb-headline-4304648b gb-headline-text\"><strong>Peso bruto (kg)<\/strong><\/p>\n\n<\/div><\/div>\n\n<div class=\"gb-grid-column gb-grid-column-302d21d9\"><div class=\"gb-container gb-container-302d21d9\">\n\n<p class=\"gb-headline gb-headline-0a816318 gb-headline-text\">371 kg<\/p>\n\n<\/div><\/div>\n<\/div>\n<\/div>\n<\/div><\/div>\n\n<div class=\"gb-grid-column gb-grid-column-59acf2da\"><div class=\"gb-container gb-container-59acf2da\"><\/div><\/div>\n<\/div>\n\n<div class=\"gb-container gb-container-eb310435\"><\/div>\n\n<div class=\"gb-grid-wrapper gb-grid-wrapper-a084c8bf\">\n<div class=\"gb-grid-column gb-grid-column-4857fc5f\"><div class=\"gb-container gb-container-4857fc5f\"><\/div><\/div>\n\n<div class=\"gb-grid-column gb-grid-column-0314e167\"><div class=\"gb-container gb-container-0314e167\">\n<div class=\"gb-container gb-container-ca7f9c37 box-shadow\">\n\n<h5 class=\"gb-headline gb-headline-27358df3 gb-headline-text\">Caja de Cart\u00f3n<\/h5>\n\n\n<div class=\"gb-grid-wrapper gb-grid-wrapper-709283ce\">\n<div class=\"gb-grid-column gb-grid-column-9d2a47dc\"><div class=\"gb-container gb-container-9d2a47dc\">\n\n<p class=\"gb-headline gb-headline-f5cecdae gb-headline-text\"><strong>Cantidad<\/strong><\/p>\n\n<\/div><\/div>\n\n<div class=\"gb-grid-column gb-grid-column-bc0d651d\"><div class=\"gb-container gb-container-bc0d651d\">\n\n<p class=\"gb-headline gb-headline-db5418ab gb-headline-text\">24 Displays \u2013 576 galletas<\/p>\n\n<\/div><\/div>\n\n<div class=\"gb-grid-column gb-grid-column-24415aef\"><div class=\"gb-container gb-container-24415aef\">\n\n<p class=\"gb-headline gb-headline-d0e2c943 gb-headline-text\"><strong>Tama\u00f1o cm (LxAnxAl)<\/strong><\/p>\n\n<\/div><\/div>\n\n<div class=\"gb-grid-column gb-grid-column-bf5584d5\"><div class=\"gb-container gb-container-bf5584d5\">\n\n<p class=\"gb-headline gb-headline-c97cf868 gb-headline-text\">61cm x 45cm x 41cm<\/p>\n\n<\/div><\/div>\n\n<div class=\"gb-grid-column gb-grid-column-3ed55f49\"><div class=\"gb-container gb-container-3ed55f49\">\n\n<p class=\"gb-headline gb-headline-02948c15 gb-headline-text\"><strong>Peso bruto (kg)<\/strong><\/p>\n\n<\/div><\/div>\n\n<div class=\"gb-grid-column gb-grid-column-493e8a0b\"><div class=\"gb-container gb-container-493e8a0b\">\n\n<p class=\"gb-headline gb-headline-2c7192fc gb-headline-text\">29,2 kg<\/p>\n\n<\/div><\/div>\n<\/div>\n<\/div>\n\n<div class=\"gb-container gb-container-69aee2e4 box-shadow\">\n\n<h5 class=\"gb-headline gb-headline-e4f847d8 gb-headline-text\">Paleta<\/h5>\n\n\n<div class=\"gb-grid-wrapper gb-grid-wrapper-11c84a68\">\n<div class=\"gb-grid-column gb-grid-column-c225a648\"><div class=\"gb-container gb-container-c225a648\">\n\n<p class=\"gb-headline gb-headline-cc5a91d6 gb-headline-text\"><strong>Cantidad<\/strong><\/p>\n\n<\/div><\/div>\n\n<div class=\"gb-grid-column gb-grid-column-7ba10785\"><div class=\"gb-container gb-container-7ba10785\">\n\n<p class=\"gb-headline gb-headline-4dfaa876 gb-headline-text\">12 cajas de cart\u00f3n - 6912 galletas<\/p>\n\n<\/div><\/div>\n\n<div class=\"gb-grid-column gb-grid-column-0fdbc82a\"><div class=\"gb-container gb-container-0fdbc82a\">\n\n<p class=\"gb-headline gb-headline-463b1f03 gb-headline-text\"><strong>Tama\u00f1o cm (LxAnxAl)<\/strong><\/p>\n\n<\/div><\/div>\n\n<div class=\"gb-grid-column gb-grid-column-6946452e\"><div class=\"gb-container gb-container-6946452e\">\n\n<p class=\"gb-headline gb-headline-b8d7782d gb-headline-text\">1,10 x 1,10 x 1,40<\/p>\n\n<\/div><\/div>\n\n<div class=\"gb-grid-column gb-grid-column-dc05d738\"><div class=\"gb-container gb-container-dc05d738\">\n\n<p class=\"gb-headline gb-headline-c15129b6 gb-headline-text\"><strong>Peso bruto (kg)<\/strong><\/p>\n\n<\/div><\/div>\n\n<div class=\"gb-grid-column gb-grid-column-301a400a\"><div class=\"gb-container gb-container-301a400a\">\n\n<p class=\"gb-headline gb-headline-35e45331 gb-headline-text\">350,40 kg<\/p>\n\n<\/div><\/div>\n<\/div>\n<\/div>\n<\/div><\/div>\n\n<div class=\"gb-grid-column gb-grid-column-9f8349e5\"><div class=\"gb-container gb-container-9f8349e5\">\n\n<figure class=\"gb-block-image gb-block-image-a3313f3b\"><img loading=\"lazy\" decoding=\"async\" width=\"805\" height=\"973\" class=\"gb-image gb-image-a3313f3b\" src=\"https:\/\/dreamscoconutcookie.com\/wp-content\/uploads\/Disp24un_RS.webp\" alt=\"\" title=\"Disp24un_RS\" srcset=\"https:\/\/dreamscoconutcookie.com\/wp-content\/uploads\/Disp24un_RS.webp 805w, https:\/\/dreamscoconutcookie.com\/wp-content\/uploads\/Disp24un_RS-768x928.webp 768w, https:\/\/dreamscoconutcookie.com\/wp-content\/uploads\/Disp24un_RS-10x12.webp 10w\" sizes=\"auto, (max-width: 805px) 100vw, 805px\" \/><\/figure>\n\n\n\n<div class=\"gb-headline gb-headline-ee1d7b29 gb-headline-text\">Paquete desmontable de 24 x 1.48 oz<\/div>\n\n<\/div><\/div>\n<\/div>\n\n<div class=\"gb-container gb-container-714519a9\"><\/div>\n\n<div class=\"gb-grid-wrapper gb-grid-wrapper-e7ca16a8\">\n<div class=\"gb-grid-column gb-grid-column-f97e6523\"><div class=\"gb-container gb-container-f97e6523\"><\/div><\/div>\n\n<div class=\"gb-grid-column gb-grid-column-4a88fba8\"><div class=\"gb-container gb-container-4a88fba8\"><\/div><\/div>\n\n<div class=\"gb-grid-column gb-grid-column-bd5a3bde\"><div class=\"gb-container gb-container-bd5a3bde box-shadow\">\n\n<figure class=\"gb-block-image gb-block-image-6d6797e5\"><img loading=\"lazy\" decoding=\"async\" width=\"390\" height=\"600\" class=\"gb-image gb-image-6d6797e5\" src=\"https:\/\/dreamscoconutcookie.com\/wp-content\/uploads\/nf-zero.png\" alt=\"\" title=\"nf-zero\" srcset=\"https:\/\/dreamscoconutcookie.com\/wp-content\/uploads\/nf-zero.png 390w, https:\/\/dreamscoconutcookie.com\/wp-content\/uploads\/nf-zero-8x12.png 8w\" sizes=\"auto, (max-width: 390px) 100vw, 390px\" \/><\/figure>\n\n<\/div><\/div>\n<\/div>","protected":false},"excerpt":{"rendered":"<p>Medidas de Embalaje<\/p>","protected":false},"author":1,"featured_media":174,"parent":0,"menu_order":0,"comment_status":"closed","ping_status":"closed","template":"","meta":{"footnotes":""},"class_list":["post-205","page","type-page","status-publish","has-post-thumbnail","hentry"],"blocksy_meta":[],"_links":{"self":[{"href":"https:\/\/dreamscoconutcookie.com\/es\/wp-json\/wp\/v2\/pages\/205","targetHints":{"allow":["GET"]}}],"collection":[{"href":"https:\/\/dreamscoconutcookie.com\/es\/wp-json\/wp\/v2\/pages"}],"about":[{"href":"https:\/\/dreamscoconutcookie.com\/es\/wp-json\/wp\/v2\/types\/page"}],"author":[{"embeddable":true,"href":"https:\/\/dreamscoconutcookie.com\/es\/wp-json\/wp\/v2\/users\/1"}],"replies":[{"embeddable":true,"href":"https:\/\/dreamscoconutcookie.com\/es\/wp-json\/wp\/v2\/comments?post=205"}],"version-history":[{"count":3,"href":"https:\/\/dreamscoconutcookie.com\/es\/wp-json\/wp\/v2\/pages\/205\/revisions"}],"predecessor-version":[{"id":627,"href":"https:\/\/dreamscoconutcookie.com\/es\/wp-json\/wp\/v2\/pages\/205\/revisions\/627"}],"wp:featuredmedia":[{"embeddable":true,"href":"https:\/\/dreamscoconutcookie.com\/es\/wp-json\/wp\/v2\/media\/174"}],"wp:attachment":[{"href":"https:\/\/dreamscoconutcookie.com\/es\/wp-json\/wp\/v2\/media?parent=205"}],"curies":[{"name":"wp","href":"https:\/\/api.w.org\/{rel}","templated":true}]}}