{"id":195,"date":"2023-03-08T13:15:44","date_gmt":"2023-03-08T16:15:44","guid":{"rendered":"https:\/\/dreamscoconutcookie.com\/?page_id=195"},"modified":"2023-05-05T17:50:48","modified_gmt":"2023-05-05T20:50:48","slug":"contact","status":"publish","type":"page","link":"https:\/\/dreamscoconutcookie.com\/zh\/contact\/","title":{"rendered":"\u8054\u7cfb\u65b9\u5f0f"},"content":{"rendered":"<div class=\"gb-grid-wrapper gb-grid-wrapper-60139739\">\n<div class=\"gb-grid-column gb-grid-column-e79073a3\"><div class=\"gb-container gb-container-e79073a3 box-shadow\">\n\n<span class=\"gb-button gb-button-003bd740\"><span class=\"gb-icon\"><svg aria-hidden=\"true\" role=\"img\" height=\"1em\" width=\"1em\" viewbox=\"0 0 384 512\" xmlns=\"http:\/\/www.w3.org\/2000\/svg\"><path fill=\"currentColor\" d=\"M172.268 501.67C26.97 291.031 0 269.413 0 192 0 85.961 85.961 0 192 0s192 85.961 192 192c0 77.413-26.97 99.031-172.268 309.67-9.535 13.774-29.93 13.773-39.464 0zM192 272c44.183 0 80-35.817 80-80s-35.817-80-80-80-80 35.817-80 80 35.817 80 80 80z\"><\/path><\/svg><\/span><\/span>\n\n\n\n<h6 class=\"gb-headline gb-headline-3404fcdb gb-headline-text\"><strong>\u529e\u516c\u5730\u5740<\/strong><\/h6>\n\n\n\n<p class=\"gb-headline gb-headline-ff8d03f6 gb-headline-text\">Av. Paulista, 1471<br>S\u00e3o Paulo &#8211; SP \u2022 Brazil<\/p>\n\n<\/div><\/div>\n\n<div class=\"gb-grid-column gb-grid-column-96cb7253\"><div class=\"gb-container gb-container-96cb7253 box-shadow\">\n\n<span class=\"gb-button gb-button-4208ae24\"><span class=\"gb-icon\"><svg aria-hidden=\"true\" role=\"img\" height=\"1em\" width=\"1em\" viewbox=\"0 0 384 512\" xmlns=\"http:\/\/www.w3.org\/2000\/svg\"><path fill=\"currentColor\" d=\"M172.268 501.67C26.97 291.031 0 269.413 0 192 0 85.961 85.961 0 192 0s192 85.961 192 192c0 77.413-26.97 99.031-172.268 309.67-9.535 13.774-29.93 13.773-39.464 0zM192 272c44.183 0 80-35.817 80-80s-35.817-80-80-80-80 35.817-80 80 35.817 80 80 80z\"><\/path><\/svg><\/span><\/span>\n\n\n\n<h6 class=\"gb-headline gb-headline-cca78a25 gb-headline-text\"><strong>\u5de5\u5382<\/strong><\/h6>\n\n\n\n<p class=\"gb-headline gb-headline-be4fc7d9 gb-headline-text\">Rua Bar\u00e3o de Melga\u00e7o, 832<br>Cuiab\u00e1 &#8211; MT \u2022 Brazil<\/p>\n\n<\/div><\/div>\n\n<div class=\"gb-grid-column gb-grid-column-73122eeb\"><div class=\"gb-container gb-container-73122eeb box-shadow\">\n\n<span class=\"gb-button gb-button-f1ab0068\"><span class=\"gb-icon\"><svg aria-hidden=\"true\" role=\"img\" height=\"1em\" width=\"1em\" viewbox=\"0 0 512 512\" xmlns=\"http:\/\/www.w3.org\/2000\/svg\"><path fill=\"currentColor\" d=\"M256 8C118.941 8 8 118.919 8 256c0 137.059 110.919 248 248 248 48.154 0 95.342-14.14 135.408-40.223 12.005-7.815 14.625-24.288 5.552-35.372l-10.177-12.433c-7.671-9.371-21.179-11.667-31.373-5.129C325.92 429.757 291.314 440 256 440c-101.458 0-184-82.542-184-184S154.542 72 256 72c100.139 0 184 57.619 184 160 0 38.786-21.093 79.742-58.17 83.693-17.349-.454-16.91-12.857-13.476-30.024l23.433-121.11C394.653 149.75 383.308 136 368.225 136h-44.981a13.518 13.518 0 0 0-13.432 11.993l-.01.092c-14.697-17.901-40.448-21.775-59.971-21.775-74.58 0-137.831 62.234-137.831 151.46 0 65.303 36.785 105.87 96 105.87 26.984 0 57.369-15.637 74.991-38.333 9.522 34.104 40.613 34.103 70.71 34.103C462.609 379.41 504 307.798 504 232 504 95.653 394.023 8 256 8zm-21.68 304.43c-22.249 0-36.07-15.623-36.07-40.771 0-44.993 30.779-72.729 58.63-72.729 22.292 0 35.601 15.241 35.601 40.77 0 45.061-33.875 72.73-58.161 72.73z\"><\/path><\/svg><\/span><\/span>\n\n\n\n<h6 class=\"gb-headline gb-headline-c94d962b gb-headline-text translation-block\">\u90ae\u7bb1<\/h6>\n\n\n\n<p class=\"gb-headline gb-headline-304b5bea gb-headline-text\"><a href=\"mailto:sales@coconutsbrasil.com.br\">sales@coconutsbrasil.com.br<\/a><\/p>\n\n<\/div><\/div>\n\n<div class=\"gb-grid-column gb-grid-column-45ad142b\"><div class=\"gb-container gb-container-45ad142b box-shadow\">\n\n<span class=\"gb-button gb-button-386fff65\"><span class=\"gb-icon\"><svg aria-hidden=\"true\" role=\"img\" height=\"1em\" width=\"1em\" viewbox=\"0 0 512 512\" xmlns=\"http:\/\/www.w3.org\/2000\/svg\"><path fill=\"currentColor\" d=\"M493.4 24.6l-104-24c-11.3-2.6-22.9 3.3-27.5 13.9l-48 112c-4.2 9.8-1.4 21.3 6.9 28l60.6 49.6c-36 76.7-98.9 140.5-177.2 177.2l-49.6-60.6c-6.8-8.3-18.2-11.1-28-6.9l-112 48C3.9 366.5-2 378.1.6 389.4l24 104C27.1 504.2 36.7 512 48 512c256.1 0 464-207.5 464-464 0-11.2-7.7-20.9-18.6-23.4z\"><\/path><\/svg><\/span><\/span>\n\n\n\n<h6 class=\"gb-headline gb-headline-15a99afd gb-headline-text translation-block\">\u7535\u8bdd<\/h6>\n\n\n\n<p class=\"gb-headline gb-headline-091c319a gb-headline-text\">+55 11 91005 2005<\/p>\n\n<\/div><\/div>\n<\/div>\n\n<div class=\"gb-grid-wrapper gb-grid-wrapper-d45d9881\">\n<div class=\"gb-grid-column gb-grid-column-25f396b8\"><div class=\"gb-container gb-container-25f396b8\">\n\n<h4 class=\"gb-headline gb-headline-58e507b2 gb-headline-text\">\u6211\u4eec\u671f\u5f85\u6536\u5230\u60a8\u7684\u4efb\u4f55\u610f\u89c1<\/h4>\n\n\n\n<p>\u5982\u679c\u60a8\u5bf9\u6211\u4eec\u7684\u4ea7\u54c1\u3001\u5b83\u4eec\u7684\u8425\u517b\u7279\u6027\u3001\u9500\u552e\u5730\u70b9\u6709\u4efb\u4f55\u7591\u95ee\uff0c\u6216\u8005\u53ea\u662f\u60f3\u79f0\u8d5e\u68a6\u6930\u66f2\u5947\u7684\u7f8e\u5473\uff0c\u8bf7\u4f7f\u7528\u6b64\u8868\u683c\u3002<\/p>\n\n<\/div><\/div>\n\n<div class=\"gb-grid-column gb-grid-column-c02a90c9\"><div class=\"gb-container gb-container-c02a90c9 box-shadow\">\n\n<h2 class=\"gb-headline gb-headline-0502ae16 gb-headline-text\">\u8054\u7cfb\u6211\u4eec<\/h2>\n\n\n\n<p class=\"gb-headline gb-headline-20919406 gb-headline-text\">\u60a8\u7684\u610f\u89c1\u5bf9\u6211\u4eec\u975e\u5e38\u91cd\u8981\u3002<\/p>\n\n\n\n<div class=\"wp-block-contact-form-7-contact-form-selector\">\n<div class=\"wpcf7 no-js\" id=\"wpcf7-f222-o1\" lang=\"en-US\" dir=\"ltr\" data-wpcf7-id=\"222\">\n<div class=\"screen-reader-response\"><p role=\"status\" aria-live=\"polite\" aria-atomic=\"true\"><\/p> <ul><\/ul><\/div>\n<form action=\"\/zh\/wp-json\/wp\/v2\/pages\/195#wpcf7-f222-o1\" method=\"post\" class=\"wpcf7-form init\" aria-label=\"Contact form\" novalidate=\"novalidate\" data-status=\"init\" data-trp-original-action=\"\/zh\/wp-json\/wp\/v2\/pages\/195#wpcf7-f222-o1\">\n<fieldset class=\"hidden-fields-container\"><input type=\"hidden\" name=\"_wpcf7\" value=\"222\" \/><input type=\"hidden\" name=\"_wpcf7_version\" value=\"6.1.5\" \/><input type=\"hidden\" name=\"_wpcf7_locale\" value=\"en_US\" \/><input type=\"hidden\" name=\"_wpcf7_unit_tag\" value=\"wpcf7-f222-o1\" \/><input type=\"hidden\" name=\"_wpcf7_container_post\" value=\"0\" \/><input type=\"hidden\" name=\"_wpcf7_posted_data_hash\" value=\"\" \/>\n<\/fieldset>\n<p><span class=\"wpcf7-form-control-wrap\" data-name=\"nome\"><input size=\"40\" maxlength=\"400\" class=\"wpcf7-form-control wpcf7-text wpcf7-validates-as-required\" autocomplete=\"name\" aria-required=\"true\" aria-invalid=\"false\" placeholder=\"\u59d3\u540d\" value=\"\" type=\"text\" name=\"nome\" \/><\/span><br \/>\n<span class=\"wpcf7-form-control-wrap\" data-name=\"email\"><input size=\"40\" maxlength=\"400\" class=\"wpcf7-form-control wpcf7-email wpcf7-validates-as-required wpcf7-text wpcf7-validates-as-email\" autocomplete=\"email\" aria-required=\"true\" aria-invalid=\"false\" placeholder=\"\u7535\u5b50\u90ae\u4ef6\" value=\"\" type=\"email\" name=\"email\" \/><\/span><br \/>\n<span class=\"wpcf7-form-control-wrap\" data-name=\"subject\"><input size=\"40\" maxlength=\"400\" class=\"wpcf7-form-control wpcf7-text wpcf7-validates-as-required\" aria-required=\"true\" aria-invalid=\"false\" placeholder=\"\u4e3b\u9898\" value=\"\" type=\"text\" name=\"subject\" \/><\/span><br \/>\n<span class=\"wpcf7-form-control-wrap\" data-name=\"message\"><textarea cols=\"40\" rows=\"10\" maxlength=\"2000\" class=\"wpcf7-form-control wpcf7-textarea wpcf7-validates-as-required\" aria-required=\"true\" aria-invalid=\"false\" placeholder=\"\u4fe1\u606f\" name=\"message\"><\/textarea><\/span><input class=\"wpcf7-form-control wpcf7-submit has-spinner\" type=\"submit\" value=\"\u53d1\u4fe1\u606f\" \/>\n<\/p><div class=\"wpcf7-response-output\" aria-hidden=\"true\"><\/div>\n<input type=\"hidden\" name=\"trp-form-language\" value=\"zh\"\/><\/form>\n<\/div>\n<\/div>\n\n<\/div><\/div>\n<\/div>","protected":false},"excerpt":{"rendered":"<p>Maecenas faucibus mollis interdum.<\/p>","protected":false},"author":1,"featured_media":0,"parent":0,"menu_order":0,"comment_status":"closed","ping_status":"closed","template":"","meta":{"footnotes":""},"class_list":["post-195","page","type-page","status-publish","hentry"],"blocksy_meta":{"content_style_source":"inherit"},"_links":{"self":[{"href":"https:\/\/dreamscoconutcookie.com\/zh\/wp-json\/wp\/v2\/pages\/195","targetHints":{"allow":["GET"]}}],"collection":[{"href":"https:\/\/dreamscoconutcookie.com\/zh\/wp-json\/wp\/v2\/pages"}],"about":[{"href":"https:\/\/dreamscoconutcookie.com\/zh\/wp-json\/wp\/v2\/types\/page"}],"author":[{"embeddable":true,"href":"https:\/\/dreamscoconutcookie.com\/zh\/wp-json\/wp\/v2\/users\/1"}],"replies":[{"embeddable":true,"href":"https:\/\/dreamscoconutcookie.com\/zh\/wp-json\/wp\/v2\/comments?post=195"}],"version-history":[{"count":3,"href":"https:\/\/dreamscoconutcookie.com\/zh\/wp-json\/wp\/v2\/pages\/195\/revisions"}],"predecessor-version":[{"id":590,"href":"https:\/\/dreamscoconutcookie.com\/zh\/wp-json\/wp\/v2\/pages\/195\/revisions\/590"}],"wp:attachment":[{"href":"https:\/\/dreamscoconutcookie.com\/zh\/wp-json\/wp\/v2\/media?parent=195"}],"curies":[{"name":"wp","href":"https:\/\/api.w.org\/{rel}","templated":true}]}}